{"id":805,"date":"2018-11-16T16:04:15","date_gmt":"2018-11-16T16:04:15","guid":{"rendered":"https:\/\/anita-hotel.com\/policy\/"},"modified":"2023-09-22T13:08:16","modified_gmt":"2023-09-22T13:08:16","slug":"politica","status":"publish","type":"page","link":"https:\/\/anita-hotel.com\/it\/politica\/","title":{"rendered":"Politica"},"content":{"rendered":"<h3>Arrivo Partenza<\/h3>\n<p>Check-in: 15:00 (gli ospiti sono tenuti a esibire un documento d&#8217;identit\u00e0 con foto e una carta di credito al momento del check-in).<\/p>\n<p>Check-out: 11:00<\/p>\n<h3>Cancellazione \/ Pagamento<\/h3>\n<p>Le condizioni di cancellazione e pagamento anticipato variano a seconda del tipo di camera.<\/p>\n<h3>Bambini e letti supplementari<\/h3>\n<p>Tutti i bambini sono i benvenuti.<\/p>\n<p>Non \u00e8 possibile aggiungere letti supplementari nella camera.<\/p>\n<h3>Limite di et\u00e0<\/h3>\n<p>L&#8217;et\u00e0 minima per il check-in \u00e8 18 anni<\/p>\n<h3>Animali<\/h3>\n<p>Gli animali non sono ammessi<\/p>\n<h3>Carte accettate in questo hotel<\/h3>\n<p>American Express, Visa, Mastercard, Maestro.<\/p>\n<p>Anita accetta queste carte e si riserva il diritto di trattenere temporaneamente un importo prima dell&#8217;arrivo.<\/p>\n<h3>La stampa fine<\/h3>\n<p>Il ristorante \u00e8 chiuso da marted\u00ec 6 novembre 2018 fino al 24 marzo 2019<br \/>\nIl bar \u00e8 chiuso da marted\u00ec 6 novembre 2018 fino al 24 marzo 2019.<\/p>\n<p>La piscina \u00e8 chiusa da marted\u00ec 6 novembre 2018 fino al 24 marzo 2019.<\/p>\n<p>Siete pregati di informare l&#8217;Anita in anticipo del vostro orario di arrivo previsto. Potrete utilizzare la sezione Richieste Speciali al momento della prenotazione o contattare direttamente la struttura ai recapiti forniti nella conferma.<\/p>\n<p>Al momento del check-in \u00e8 necessario esibire un documento d&#8217;identit\u00e0 con fotografia e una carta di credito. Tutte le richieste speciali sono soggette a disponibilit\u00e0 e potrebbero comportare costi aggiuntivi.<\/p>\n","protected":false},"excerpt":{"rendered":"<p>Arrivo Partenza Check-in: 15:00 (gli ospiti sono tenuti a esibire un documento d&#8217;identit\u00e0 con foto e una carta di credito al momento del check-in). Check-out: 11:00 Cancellazione \/ Pagamento Le condizioni di cancellazione e pagamento anticipato variano a seconda del tipo di camera. Bambini e letti supplementari Tutti i bambini sono i benvenuti. Non \u00e8 [&hellip;]<\/p>\n","protected":false},"author":1,"featured_media":0,"parent":0,"menu_order":29,"comment_status":"closed","ping_status":"closed","template":"terms-template.php","meta":[],"yoast_head":"<!-- This site is optimized with the Yoast SEO plugin v15.3 - https:\/\/yoast.com\/wordpress\/plugins\/seo\/ -->\n<meta name=\"robots\" content=\"index, follow, max-snippet:-1, max-image-preview:large, max-video-preview:-1\" \/>\n<link rel=\"canonical\" href=\"https:\/\/anita-hotel.com\/it\/politica\/\" \/>\n<meta property=\"og:locale\" content=\"it_IT\" \/>\n<meta property=\"og:type\" content=\"article\" \/>\n<meta property=\"og:title\" content=\"Politica | Anita Hotel Perama Corfu\" \/>\n<meta property=\"og:description\" content=\"Arrivo Partenza Check-in: 15:00 (gli ospiti sono tenuti a esibire un documento d&#8217;identit\u00e0 con foto e una carta di credito al momento del check-in). Check-out: 11:00 Cancellazione \/ Pagamento Le condizioni di cancellazione e pagamento anticipato variano a seconda del tipo di camera. Bambini e letti supplementari Tutti i bambini sono i benvenuti. Non \u00e8 [&hellip;]\" \/>\n<meta property=\"og:url\" content=\"https:\/\/anita-hotel.com\/it\/politica\/\" \/>\n<meta property=\"og:site_name\" content=\"Anita Hotel Perama Corfu\" \/>\n<meta property=\"article:publisher\" content=\"https:\/\/www.facebook.com\/Hotel-Anita-Corfu-614080992052552\/\" \/>\n<meta property=\"article:modified_time\" content=\"2023-09-22T13:08:16+00:00\" \/>\n<meta name=\"twitter:card\" content=\"summary_large_image\" \/>\n<meta name=\"twitter:label1\" content=\"Scritto da\">\n\t<meta name=\"twitter:data1\" content=\"gocreations\">\n\t<meta name=\"twitter:label2\" content=\"Tempo di lettura stimato\">\n\t<meta name=\"twitter:data2\" content=\"1 minuto\">\n<script type=\"application\/ld+json\" class=\"yoast-schema-graph\">{\"@context\":\"https:\/\/schema.org\",\"@graph\":[{\"@type\":\"Organization\",\"@id\":\"https:\/\/anita-hotel.com\/#organization\",\"name\":\"Anita Hotel Perama Corfu\",\"url\":\"https:\/\/anita-hotel.com\/\",\"sameAs\":[\"https:\/\/www.facebook.com\/Hotel-Anita-Corfu-614080992052552\/\"],\"logo\":{\"@type\":\"ImageObject\",\"@id\":\"https:\/\/anita-hotel.com\/#logo\",\"inLanguage\":\"it-IT\",\"url\":\"https:\/\/anita-hotel.com\/wp-content\/uploads\/2018\/11\/logo.png\",\"width\":200,\"height\":60,\"caption\":\"Anita Hotel Perama Corfu\"},\"image\":{\"@id\":\"https:\/\/anita-hotel.com\/#logo\"}},{\"@type\":\"WebSite\",\"@id\":\"https:\/\/anita-hotel.com\/#website\",\"url\":\"https:\/\/anita-hotel.com\/\",\"name\":\"Anita Hotel Perama Corfu\",\"description\":\"Perama, Corfu Greece\",\"publisher\":{\"@id\":\"https:\/\/anita-hotel.com\/#organization\"},\"potentialAction\":[{\"@type\":\"SearchAction\",\"target\":\"https:\/\/anita-hotel.com\/?s={search_term_string}\",\"query-input\":\"required name=search_term_string\"}],\"inLanguage\":\"it-IT\"},{\"@type\":\"WebPage\",\"@id\":\"https:\/\/anita-hotel.com\/it\/politica\/#webpage\",\"url\":\"https:\/\/anita-hotel.com\/it\/politica\/\",\"name\":\"Politica | Anita Hotel Perama Corfu\",\"isPartOf\":{\"@id\":\"https:\/\/anita-hotel.com\/#website\"},\"datePublished\":\"2018-11-16T16:04:15+00:00\",\"dateModified\":\"2023-09-22T13:08:16+00:00\",\"inLanguage\":\"it-IT\",\"potentialAction\":[{\"@type\":\"ReadAction\",\"target\":[\"https:\/\/anita-hotel.com\/it\/politica\/\"]}]}]}<\/script>\n<!-- \/ Yoast SEO plugin. -->","_links":{"self":[{"href":"https:\/\/anita-hotel.com\/it\/wp-json\/wp\/v2\/pages\/805"}],"collection":[{"href":"https:\/\/anita-hotel.com\/it\/wp-json\/wp\/v2\/pages"}],"about":[{"href":"https:\/\/anita-hotel.com\/it\/wp-json\/wp\/v2\/types\/page"}],"author":[{"embeddable":true,"href":"https:\/\/anita-hotel.com\/it\/wp-json\/wp\/v2\/users\/1"}],"replies":[{"embeddable":true,"href":"https:\/\/anita-hotel.com\/it\/wp-json\/wp\/v2\/comments?post=805"}],"version-history":[{"count":3,"href":"https:\/\/anita-hotel.com\/it\/wp-json\/wp\/v2\/pages\/805\/revisions"}],"predecessor-version":[{"id":1146,"href":"https:\/\/anita-hotel.com\/it\/wp-json\/wp\/v2\/pages\/805\/revisions\/1146"}],"wp:attachment":[{"href":"https:\/\/anita-hotel.com\/it\/wp-json\/wp\/v2\/media?parent=805"}],"curies":[{"name":"wp","href":"https:\/\/api.w.org\/{rel}","templated":true}]}}